{"id":1560,"date":"2021-07-09T07:05:33","date_gmt":"2021-07-09T07:05:33","guid":{"rendered":"https:\/\/mbmgestionyservicios.com\/?page_id=1560"},"modified":"2021-07-09T07:11:25","modified_gmt":"2021-07-09T07:11:25","slug":"condiciones-generales","status":"publish","type":"page","link":"https:\/\/mbmgestionyservicios.com\/en\/condiciones-generales\/","title":{"rendered":"Condiciones generales"},"content":{"rendered":"<div data-elementor-type=\"wp-page\" data-elementor-id=\"1560\" class=\"elementor elementor-1560\" data-elementor-post-type=\"page\">\n\t\t\t\t\t\t<section class=\"elementor-section elementor-top-section elementor-element elementor-element-5c52d79 elementor-section-boxed elementor-section-height-default elementor-section-height-default\" data-id=\"5c52d79\" data-element_type=\"section\" data-e-type=\"section\">\n\t\t\t\t\t\t<div class=\"elementor-container elementor-column-gap-default\">\n\t\t\t\t\t<div class=\"elementor-column elementor-col-100 elementor-top-column elementor-element elementor-element-ae85fda\" data-id=\"ae85fda\" data-element_type=\"column\" data-e-type=\"column\">\n\t\t\t<div class=\"elementor-widget-wrap elementor-element-populated\">\n\t\t\t\t\t\t<div class=\"elementor-element elementor-element-551d62c elementor-widget elementor-widget-heading\" data-id=\"551d62c\" data-element_type=\"widget\" data-e-type=\"widget\" data-widget_type=\"heading.default\">\n\t\t\t\t\t<h2 class=\"elementor-heading-title elementor-size-default\">Condiciones Generales<\/h2>\t\t\t\t<\/div>\n\t\t\t\t<div class=\"elementor-element elementor-element-2545760 elementor-widget elementor-widget-text-editor\" data-id=\"2545760\" data-element_type=\"widget\" data-e-type=\"widget\" data-widget_type=\"text-editor.default\">\n\t\t\t\t\t\t\t\t\t<p><\/p>\n<p><\/p>\n<p><strong>Datos del responsable del sitio web<\/strong><\/p>\n<p><\/p>\n<ul class=\"wp-block-list\">\n<li><strong>Identidad:<\/strong> M\u00f3nica Bola\u00f1os Mart\u00edn (en adelante MBM Gesti\u00f3n y Servicios)<\/li>\n<li><strong>CIF 42842793A<\/strong><\/li>\n<li><strong>Direcci\u00f3n<\/strong> Camino los Dolores, 23<\/li>\n<li><strong>C\u00f3digo Postal:<\/strong> 35432 &#8211; Firgas &#8211; Las Palmas de G.C.<\/li>\n<li><strong>Tel\u00e9fono\u200b:<\/strong> 609 556 596<\/li>\n<li><strong>Email: <\/strong>35432 &#8211; Firgas &#8211; Las Palmas de G.C.<\/li>\n<\/ul>\n<p><\/p>\n<p>Todas las reservas que se realicen en nuestro sitio web (a partir de ahora Mbmgestionyservicios.com) por parte del cliente (a partir de ahora \u00abel Cliente\u00bb) estar\u00e1n sujetas a las Condiciones Generales de reservas de los servicios expuestas en el presente documento.<\/p>\n<p><\/p>\n<p>Si alg\u00fan aspecto de la reserva no estuviera contemplado en el mismo, \u00e9ste ser\u00e1 regulado seg\u00fan la legislaci\u00f3n vigente en Espa\u00f1a.<\/p>\n<p><\/p>\n<p>La reserva formulada por el Cliente implica su acuerdo y aceptaci\u00f3n de las presentes Condiciones Generales de reserva de los servicios. Ninguna estipulaci\u00f3n efectuada por el Cliente sobre las presentes Condiciones de reserva, podr\u00e1 diferir de las establecidas por MBM Gesti\u00f3n y Servicios. Toda la informaci\u00f3n que figura en las p\u00e1ginas web de www.mbmgestionyservicios.com \u00a0referentes a los servicios, sus caracter\u00edsticas, sus precios, sus condiciones de reserva podr\u00e1n ser modificados por MBM Gesti\u00f3n y Servicios en cualquier momento y sin previo aviso, con el objeto de tener informado puntualmente al p\u00fablico general de dichos cambios.<\/p>\n<p><\/p>\n<p><strong>1. SERVICIOS Y PRECIOS<\/strong><\/p>\n<p><\/p>\n<p>1.1 La cuant\u00eda de los precios de los servicios, as\u00ed como cualesquiera de sus caracter\u00edsticas podr\u00e1n ser objeto de revisi\u00f3n por parte de MBM Gesti\u00f3n y Servicios en cualquier momento sin tener \u00e9ste obligaci\u00f3n alguna de notificar tales modificaciones al Cliente por otro medio que no sea la exposici\u00f3n de dichos cambios en sus p\u00e1ginas web. No obstante, MBM Gesti\u00f3n y Servicios podr\u00eda comunicarle al Cliente cualquier modificaci\u00f3n mediante e-mail o WhatsApp. Por otro lado, salvo por correcci\u00f3n de errores tipogr\u00e1ficos, una vez efectuada la reserva del servicio, MBM Gesti\u00f3n y Servicios se comprometer\u00e1 a mantener el precio vigente al Cliente en el momento que efectu\u00f3 su pedido.<\/p>\n<p><\/p>\n<p><strong>2. RESERVAS<\/strong><\/p>\n<p><\/p>\n<p>2.1 Se entender\u00e1 que el Cliente ha le\u00eddo, entiende y acepta libremente las presentes Condiciones Generales de reserva de los servicios, cuando efect\u00fae su reserva a trav\u00e9s de los formularios de reserva existentes en la p\u00e1gina web www.mbmgestionyservicios.com \u00a0aceptando (marcando) la casilla dispuesta a tal efecto.<\/p>\n<p><\/p>\n<p>2.2 Dado que existen enlaces en la web Mbmgestionyservicios.com para la libre visualizaci\u00f3n de las presentes Condiciones Generales de reserva de los servicios, \u00e9stas tambi\u00e9n ser\u00e1n de aplicaci\u00f3n a los productos solicitados a trav\u00e9s de cualquier otro medio distinto al formulario de pedidos de Internet (por e-mail, por tel\u00e9fono, por fax o personalmente).<\/p>\n<p><\/p>\n<p>2.3 MBM Gesti\u00f3n y Servicios se reservar\u00e1 siempre el derecho aceptar o denegar a su propio criterio cualquier solicitud de reserva, ampliaci\u00f3n, renovaci\u00f3n, modificaci\u00f3n o cambio de cualquiera de los servicios expuestos en sus p\u00e1ginas web.<\/p>\n<p><\/p>\n<p>2.4 El Cliente afirma que tanto los datos propios, como los de la reserva proporcionados a MBM Gesti\u00f3n y Servicios son reales y fidedignos. En caso de que MBM Gesti\u00f3n y Servicios probara que alguno o la totalidad de dichos datos son falsos, la reserva ser\u00e1 autom\u00e1ticamente anulada y el Cliente no podr\u00e1 reclamar devoluci\u00f3n alguna.<\/p>\n<p><\/p>\n<p>2.5 En el caso de que el Cliente proporcione datos de una tercera persona o entidad al efectuar la reserva, el Cliente ser\u00e1 el \u00fanico responsable de que dicha tercera persona o entidad conozca y acepte expresamente tal situaci\u00f3n. Toda la responsabilidad de los da\u00f1os y perjuicios que pudieran derivarse por este hecho recaer\u00e1n totalmente sobre el Cliente, excluyendo a MBM Gesti\u00f3n y Servicios de cualquier responsabilidad.<\/p>\n<p><\/p>\n<p>2.6 Cualquier indicaci\u00f3n o consulta que el cliente haga constar en los apartados destinados a comentarios en la reserva o en comunicaciones posteriores al mismo ser\u00e1n tomados como meramente informativos y no condicionar\u00e1n en ning\u00fan caso la reserva efectuada.<\/p>\n<p><\/p>\n<p>2.7 As\u00ed mismo MBM Gesti\u00f3n y Servicios se reserva el derecho a retener la reserva del servicio a la espera de cualquier informaci\u00f3n que necesite del Cliente.<\/p>\n<p><\/p>\n<p>2.8 El Cliente est\u00e1 informado de la descripci\u00f3n del servicio reservado y de toda la informaci\u00f3n que contiene este, disponible en la web.<\/p>\n<p><\/p>\n<p><strong>3. PAGOS<\/strong><\/p>\n<p><\/p>\n<p>3.1 El Cliente deber\u00e1 tener en cuenta efectuar el pago en EUROS.<\/p>\n<p><\/p>\n<p><strong>4. GARANTIAS Y RESERVAS<\/strong><\/p>\n<p><\/p>\n<p>4.1 MBM Gesti\u00f3n y Servicios manifiesta y garantiza que puede realizar servicios propios y de terceros a trav\u00e9s de su p\u00e1gina web www.mbmgestionyservicios.com \u00a0y que est\u00e1 en posesi\u00f3n de los suficientes medios (tanto en equipamiento t\u00e9cnico como en disposici\u00f3n de servicios) para el completo proceso de reserva.<\/p>\n<p><\/p>\n<p>4.2 En caso de que por cualquier motivo el restaurante se viese obligado a suspender el servicio reservado, el cliente no tendr\u00e1 derecho a indemnizaci\u00f3n alguna.<\/p>\n<p><\/p>\n<p><strong>5. RESPONSABILIDADES<\/strong><\/p>\n<p><\/p>\n<p>5.1 MBM Gesti\u00f3n y Servicios no es responsable de aquello que le sea exclusivamente imputable al Cliente.<\/p>\n<p><\/p>\n<p>5.2 El MBM Gesti\u00f3n y Servicios no se hace responsable de las esperas que se pudieran originar en los accesos al restaurante.<\/p>\n<p><\/p>\n<p>5.3 El MBM Gesti\u00f3n y Servicios no acepta responsabilidades derivadas de sus servicios, por no cumplir las expectativas del cliente.<\/p>\n<p><\/p>\n<p>5.4 El MBM Gesti\u00f3n y Servicios no se hace responsable de ninguna manera (ni directa ni subsidiaria) de cualquier da\u00f1o directo o indirecto, que el Cliente pudiera sufrir u ocasionar a s\u00ed mismo o a terceros.<\/p>\n<p><\/p>\n<p><strong>6. COMUNICACIONES<\/strong><\/p>\n<p><\/p>\n<p>6.1 El Cliente se obliga a mantener siempre operativa, activa y actualizada la direcci\u00f3n e-mail suministrada en su pedido para las comunicaciones fluidas con MBM Gesti\u00f3n y Servicios, ya que constituye el medio de comunicaci\u00f3n preferente para la gesti\u00f3n \u00e1gil y sin problemas en el proceso de gesti\u00f3n de reservas.<\/p>\n<p><\/p>\n<p>6.2 Si el Cliente deseara cambiar la direcci\u00f3n e-mail de contacto facilitada al efectuar su reserva deber\u00e1 hacerlo a trav\u00e9s de comunicaci\u00f3n por e-mail, cumpliendo los requisitos de seguridad exigidos por MBM Gesti\u00f3n y Servicios para poder verificar la legitimidad de la solicitud, de manera que en ning\u00fan momento quede interrumpida la comunicaci\u00f3n entre ambas partes.<\/p>\n<p><\/p>\n<p>6.3 Sobre el Cliente recaer\u00e1 toda responsabilidad por las consecuencias que la falta de operatividad de su direcci\u00f3n e-mail o que la ausencia de comunicaci\u00f3n para la actualizaci\u00f3n de dicho dato en nuestros registros pudieran producir.<\/p>\n<p><\/p>\n<p>6.4 En el caso de que sean asignados al Cliente datos individuales de registro y autenticaci\u00f3n para su acceso legitimado en las p\u00e1ginas web de MBM Gesti\u00f3n y Servicios (tales como nombre de usuario, claves o passwords), \u00e9ste ser\u00e1 el \u00fanico responsable de su utilizaci\u00f3n, protecci\u00f3n y mantenimiento de su confidencialidad. El uso de estos identificadores y la comunicaci\u00f3n de los mismos a terceras personas, se producir\u00e1 bajo la \u00fanica responsabilidad del Cliente siendo este \u00faltimo el responsable final de las compras, comunicaciones o acciones efectuadas usando dichos datos.<\/p>\n<p><\/p>\n<p><strong>7. INFORMACI\u00d3N LEGAL<\/strong><\/p>\n<p><\/p>\n<p>7.1 El Cliente declara ser mayor de 18 a\u00f1os de edad o en su caso disponer del correspondiente permiso paterno o de su tutor legal para efectuar reservas a trav\u00e9s de las p\u00e1ginas de MBM Gesti\u00f3n y Servicios, as\u00ed mismo declara tener capacidad legal suficiente para ello.<\/p>\n<p><\/p>\n<p>7.2 El Cliente indemnizar\u00e1 a MBM Gesti\u00f3n y Servicios por todos los gastos que pudieran darse en el caso de ser imputado por el Cliente (o por terceros relacionados con el Cliente a causa de la reserva), en alguna causa cuya responsabilidad no le fuera directamente atribuible, incluy\u00e9ndose en tal indemnizaci\u00f3n los honorarios y gastos de los abogados de MBM Gesti\u00f3n y Servicios, incluso cuando la decisi\u00f3n judicial no fuera definitiva.<\/p>\n<p><\/p>\n<p>7.3 En lo no previsto en este documento, as\u00ed como en la interpretaci\u00f3n y resoluci\u00f3n de los conflictos que pudieran surgir entre las partes como consecuencia del mismo, ser\u00e1 de aplicaci\u00f3n la legislaci\u00f3n espa\u00f1ola.<\/p>\n<p><\/p>\n<p>7.4 Si llegara a surgir alg\u00fan conflicto o diferencia entre las partes (Cliente y Empresa) en la interpretaci\u00f3n y ejecuci\u00f3n de este documento, y no se resolviera de mutuo acuerdo, el mismo ser\u00e1 resuelto a instancia de cualquiera de las partes y tras la comunicaci\u00f3n por escrito a la otra, mediante arbitraje.<\/p>\n<p><\/p>\n<p>7.5 Todo lo anterior se entender\u00e1 sin perjuicio de que las partes puedan someterse a un procedimiento judicial, en tal caso se har\u00e1 ante la jurisdicci\u00f3n y competencia de los Juzgados y Tribunales de Las Palmas de Gran Canaria.<\/p>\n<p><\/p>\t\t\t\t\t\t\t\t<\/div>\n\t\t\t\t\t<\/div>\n\t\t<\/div>\n\t\t\t\t\t<\/div>\n\t\t<\/section>\n\t\t\t\t<\/div>","protected":false},"excerpt":{"rendered":"<p>Condiciones Generales Datos del responsable del sitio web Identidad: M\u00f3nica Bola\u00f1os Mart\u00edn (en adelante MBM Gesti\u00f3n y Servicios) CIF 42842793A Direcci\u00f3n Camino los Dolores, 23 C\u00f3digo Postal: 35432 &#8211; Firgas &#8211; Las Palmas de G.C. Tel\u00e9fono\u200b: 609 556 596 Email: 35432 &#8211; Firgas &#8211; Las Palmas de G.C. Todas las reservas que se realicen en [&hellip;]<\/p>\n","protected":false},"author":1,"featured_media":0,"parent":0,"menu_order":0,"comment_status":"closed","ping_status":"closed","template":"","meta":{"_acf_changed":false,"inline_featured_image":false,"footnotes":""},"class_list":["post-1560","page","type-page","status-publish","hentry"],"acf":[],"yoast_head":"<!-- This site is optimized with the Yoast SEO plugin v27.4 - https:\/\/yoast.com\/product\/yoast-seo-wordpress\/ -->\n<title>Condiciones generales &#8226; MBM - Gesti\u00f3n y Servicios<\/title>\n<meta name=\"description\" content=\"MBM - Gesti\u00f3n y Servicios Te ofrecemos una estancia en Gran Canaria con todas las comodidades. Gestionamos tu Vivienda Vacacional con todas las garant\u00edas.\" \/>\n<meta name=\"robots\" content=\"index, follow, max-snippet:-1, max-image-preview:large, max-video-preview:-1\" \/>\n<link rel=\"canonical\" href=\"https:\/\/mbmgestionyservicios.com\/en\/condiciones-generales\/\" \/>\n<meta property=\"og:locale\" content=\"en_GB\" \/>\n<meta property=\"og:type\" content=\"article\" \/>\n<meta property=\"og:title\" content=\"Condiciones generales &#8226; MBM - Gesti\u00f3n y Servicios\" \/>\n<meta property=\"og:description\" content=\"MBM - Gesti\u00f3n y Servicios Te ofrecemos una estancia en Gran Canaria con todas las comodidades. Gestionamos tu Vivienda Vacacional con todas las garant\u00edas.\" \/>\n<meta property=\"og:url\" content=\"https:\/\/mbmgestionyservicios.com\/en\/condiciones-generales\/\" \/>\n<meta property=\"og:site_name\" content=\"MBM - Gesti\u00f3n y Servicios\" \/>\n<meta property=\"article:modified_time\" content=\"2021-07-09T07:11:25+00:00\" \/>\n<meta name=\"twitter:card\" content=\"summary_large_image\" \/>\n<script type=\"application\/ld+json\" class=\"yoast-schema-graph\">{\"@context\":\"https:\\\/\\\/schema.org\",\"@graph\":[{\"@type\":\"WebPage\",\"@id\":\"https:\\\/\\\/mbmgestionyservicios.com\\\/condiciones-generales\\\/\",\"url\":\"https:\\\/\\\/mbmgestionyservicios.com\\\/condiciones-generales\\\/\",\"name\":\"Condiciones generales &#8226; MBM - Gesti\u00f3n y Servicios\",\"isPartOf\":{\"@id\":\"https:\\\/\\\/mbmgestionyservicios.com\\\/#website\"},\"datePublished\":\"2021-07-09T07:05:33+00:00\",\"dateModified\":\"2021-07-09T07:11:25+00:00\",\"description\":\"MBM - Gesti\u00f3n y Servicios Te ofrecemos una estancia en Gran Canaria con todas las comodidades. Gestionamos tu Vivienda Vacacional con todas las garant\u00edas.\",\"breadcrumb\":{\"@id\":\"https:\\\/\\\/mbmgestionyservicios.com\\\/condiciones-generales\\\/#breadcrumb\"},\"inLanguage\":\"en-GB\",\"potentialAction\":[{\"@type\":\"ReadAction\",\"target\":[\"https:\\\/\\\/mbmgestionyservicios.com\\\/condiciones-generales\\\/\"]}]},{\"@type\":\"BreadcrumbList\",\"@id\":\"https:\\\/\\\/mbmgestionyservicios.com\\\/condiciones-generales\\\/#breadcrumb\",\"itemListElement\":[{\"@type\":\"ListItem\",\"position\":1,\"name\":\"Portada\",\"item\":\"https:\\\/\\\/mbmgestionyservicios.com\\\/\"},{\"@type\":\"ListItem\",\"position\":2,\"name\":\"Condiciones generales\"}]},{\"@type\":\"WebSite\",\"@id\":\"https:\\\/\\\/mbmgestionyservicios.com\\\/#website\",\"url\":\"https:\\\/\\\/mbmgestionyservicios.com\\\/\",\"name\":\"MBM - Gesti\u00f3n y Servicios\",\"description\":\"Tu vivienda vacacional en Gran Canaria\",\"publisher\":{\"@id\":\"https:\\\/\\\/mbmgestionyservicios.com\\\/#organization\"},\"potentialAction\":[{\"@type\":\"SearchAction\",\"target\":{\"@type\":\"EntryPoint\",\"urlTemplate\":\"https:\\\/\\\/mbmgestionyservicios.com\\\/?s={search_term_string}\"},\"query-input\":{\"@type\":\"PropertyValueSpecification\",\"valueRequired\":true,\"valueName\":\"search_term_string\"}}],\"inLanguage\":\"en-GB\"},{\"@type\":\"Organization\",\"@id\":\"https:\\\/\\\/mbmgestionyservicios.com\\\/#organization\",\"name\":\"MBM - Gesti\u00f3n y Servicios\",\"url\":\"https:\\\/\\\/mbmgestionyservicios.com\\\/\",\"logo\":{\"@type\":\"ImageObject\",\"inLanguage\":\"en-GB\",\"@id\":\"https:\\\/\\\/mbmgestionyservicios.com\\\/#\\\/schema\\\/logo\\\/image\\\/\",\"url\":\"https:\\\/\\\/mbmgestionyservicios.com\\\/wp-content\\\/uploads\\\/2021\\\/01\\\/cropped-logo2.jpg\",\"contentUrl\":\"https:\\\/\\\/mbmgestionyservicios.com\\\/wp-content\\\/uploads\\\/2021\\\/01\\\/cropped-logo2.jpg\",\"width\":512,\"height\":512,\"caption\":\"MBM - Gesti\u00f3n y Servicios\"},\"image\":{\"@id\":\"https:\\\/\\\/mbmgestionyservicios.com\\\/#\\\/schema\\\/logo\\\/image\\\/\"}}]}<\/script>\n<!-- \/ Yoast SEO plugin. -->","yoast_head_json":{"title":"Condiciones generales &#8226; MBM - Gesti\u00f3n y Servicios","description":"MBM - Gesti\u00f3n y Servicios Te ofrecemos una estancia en Gran Canaria con todas las comodidades. Gestionamos tu Vivienda Vacacional con todas las garant\u00edas.","robots":{"index":"index","follow":"follow","max-snippet":"max-snippet:-1","max-image-preview":"max-image-preview:large","max-video-preview":"max-video-preview:-1"},"canonical":"https:\/\/mbmgestionyservicios.com\/en\/condiciones-generales\/","og_locale":"en_GB","og_type":"article","og_title":"Condiciones generales &#8226; MBM - Gesti\u00f3n y Servicios","og_description":"MBM - Gesti\u00f3n y Servicios Te ofrecemos una estancia en Gran Canaria con todas las comodidades. Gestionamos tu Vivienda Vacacional con todas las garant\u00edas.","og_url":"https:\/\/mbmgestionyservicios.com\/en\/condiciones-generales\/","og_site_name":"MBM - Gesti\u00f3n y Servicios","article_modified_time":"2021-07-09T07:11:25+00:00","twitter_card":"summary_large_image","schema":{"@context":"https:\/\/schema.org","@graph":[{"@type":"WebPage","@id":"https:\/\/mbmgestionyservicios.com\/condiciones-generales\/","url":"https:\/\/mbmgestionyservicios.com\/condiciones-generales\/","name":"Condiciones generales &#8226; MBM - Gesti\u00f3n y Servicios","isPartOf":{"@id":"https:\/\/mbmgestionyservicios.com\/#website"},"datePublished":"2021-07-09T07:05:33+00:00","dateModified":"2021-07-09T07:11:25+00:00","description":"MBM - Gesti\u00f3n y Servicios Te ofrecemos una estancia en Gran Canaria con todas las comodidades. Gestionamos tu Vivienda Vacacional con todas las garant\u00edas.","breadcrumb":{"@id":"https:\/\/mbmgestionyservicios.com\/condiciones-generales\/#breadcrumb"},"inLanguage":"en-GB","potentialAction":[{"@type":"ReadAction","target":["https:\/\/mbmgestionyservicios.com\/condiciones-generales\/"]}]},{"@type":"BreadcrumbList","@id":"https:\/\/mbmgestionyservicios.com\/condiciones-generales\/#breadcrumb","itemListElement":[{"@type":"ListItem","position":1,"name":"Portada","item":"https:\/\/mbmgestionyservicios.com\/"},{"@type":"ListItem","position":2,"name":"Condiciones generales"}]},{"@type":"WebSite","@id":"https:\/\/mbmgestionyservicios.com\/#website","url":"https:\/\/mbmgestionyservicios.com\/","name":"MBM - Gesti\u00f3n y Servicios","description":"Tu vivienda vacacional en Gran Canaria","publisher":{"@id":"https:\/\/mbmgestionyservicios.com\/#organization"},"potentialAction":[{"@type":"SearchAction","target":{"@type":"EntryPoint","urlTemplate":"https:\/\/mbmgestionyservicios.com\/?s={search_term_string}"},"query-input":{"@type":"PropertyValueSpecification","valueRequired":true,"valueName":"search_term_string"}}],"inLanguage":"en-GB"},{"@type":"Organization","@id":"https:\/\/mbmgestionyservicios.com\/#organization","name":"MBM - Gesti\u00f3n y Servicios","url":"https:\/\/mbmgestionyservicios.com\/","logo":{"@type":"ImageObject","inLanguage":"en-GB","@id":"https:\/\/mbmgestionyservicios.com\/#\/schema\/logo\/image\/","url":"https:\/\/mbmgestionyservicios.com\/wp-content\/uploads\/2021\/01\/cropped-logo2.jpg","contentUrl":"https:\/\/mbmgestionyservicios.com\/wp-content\/uploads\/2021\/01\/cropped-logo2.jpg","width":512,"height":512,"caption":"MBM - Gesti\u00f3n y Servicios"},"image":{"@id":"https:\/\/mbmgestionyservicios.com\/#\/schema\/logo\/image\/"}}]}},"_links":{"self":[{"href":"https:\/\/mbmgestionyservicios.com\/en\/wp-json\/wp\/v2\/pages\/1560","targetHints":{"allow":["GET"]}}],"collection":[{"href":"https:\/\/mbmgestionyservicios.com\/en\/wp-json\/wp\/v2\/pages"}],"about":[{"href":"https:\/\/mbmgestionyservicios.com\/en\/wp-json\/wp\/v2\/types\/page"}],"author":[{"embeddable":true,"href":"https:\/\/mbmgestionyservicios.com\/en\/wp-json\/wp\/v2\/users\/1"}],"replies":[{"embeddable":true,"href":"https:\/\/mbmgestionyservicios.com\/en\/wp-json\/wp\/v2\/comments?post=1560"}],"version-history":[{"count":0,"href":"https:\/\/mbmgestionyservicios.com\/en\/wp-json\/wp\/v2\/pages\/1560\/revisions"}],"wp:attachment":[{"href":"https:\/\/mbmgestionyservicios.com\/en\/wp-json\/wp\/v2\/media?parent=1560"}],"curies":[{"name":"wp","href":"https:\/\/api.w.org\/{rel}","templated":true}]}}