{"id":918,"date":"2021-02-08T19:33:26","date_gmt":"2021-02-08T19:33:26","guid":{"rendered":"https:\/\/mbmgestionyservicios.com\/aviso-legal\/"},"modified":"2021-07-09T07:08:27","modified_gmt":"2021-07-09T07:08:27","slug":"aviso-legal","status":"publish","type":"page","link":"https:\/\/mbmgestionyservicios.com\/en\/aviso-legal\/","title":{"rendered":"Legal Terms"},"content":{"rendered":"<div data-elementor-type=\"wp-page\" data-elementor-id=\"918\" class=\"elementor elementor-918\" data-elementor-post-type=\"page\">\n\t\t\t\t\t\t<section class=\"elementor-section elementor-top-section elementor-element elementor-element-246b97de elementor-section-boxed elementor-section-height-default elementor-section-height-default\" data-id=\"246b97de\" data-element_type=\"section\" data-e-type=\"section\">\n\t\t\t\t\t\t<div class=\"elementor-container elementor-column-gap-default\">\n\t\t\t\t\t<div class=\"elementor-column elementor-col-100 elementor-top-column elementor-element elementor-element-4e158a29\" data-id=\"4e158a29\" data-element_type=\"column\" data-e-type=\"column\">\n\t\t\t<div class=\"elementor-widget-wrap elementor-element-populated\">\n\t\t\t\t\t\t<div class=\"elementor-element elementor-element-387b50e elementor-widget elementor-widget-heading\" data-id=\"387b50e\" data-element_type=\"widget\" data-e-type=\"widget\" data-widget_type=\"heading.default\">\n\t\t\t\t\t<h2 class=\"elementor-heading-title elementor-size-default\">Legal Terms<\/h2>\t\t\t\t<\/div>\n\t\t\t\t<div class=\"elementor-element elementor-element-1ad8ff4d elementor-widget elementor-widget-text-editor\" data-id=\"1ad8ff4d\" data-element_type=\"widget\" data-e-type=\"widget\" data-widget_type=\"text-editor.default\">\n\t\t\t\t\t\t\t\t\t<p><strong>AVISO LEGAL<\/strong><\/p>\n<p>M\u00f3nica Bola\u00f1os Mart\u00edn(en adelante<strong> MBM Gesti\u00f3n y Servicios<\/strong>), con CIF 42842793A, direcci\u00f3n Camino los Dolores, 23 &#8211; 35432 Firgas Las Palmas de Gran Canaria no puede asumir ninguna responsabilidad derivada del uso incorrecto, inapropiado o il\u00edcito de la informaci\u00f3n aparecida en las p\u00e1ginas de Internet de www.mbmgestionyservicios.com .<\/p>\n<p>Con los l\u00edmites establecidos en la ley, www. mbmgestionyservicios.com no asume ninguna responsabilidad derivada de la falta de veracidad, integridad, actualizaci\u00f3n y precisi\u00f3n de los datos o informaciones que se contienen en sus p\u00e1ginas de Internet.<\/p>\n<p>Los contenidos e informaci\u00f3n no vinculan a www.mbmgestionyservicios.com \u00a0ni constituyen opiniones, consejos o asesoramiento legal de ning\u00fan tipo pues se trata meramente de un servicio ofrecido con car\u00e1cter informativo y divulgativo.<\/p>\n<p>Las p\u00e1ginas de Internet de www.mbmgestionyservicios.com \u00a0pueden contener enlaces (links) a otras p\u00e1ginas de terceras partes que www.mbmgestionyservicios.com \u00a0no puede controlar. Por lo tanto, www.mbmgestionyservicios.com \u00a0no puede asumir responsabilidades por el contenido que pueda aparecer en p\u00e1ginas de terceros.<\/p>\n<p>Los textos, im\u00e1genes, sonidos, animaciones, software y el resto de contenidos incluidos en este website son propiedad exclusiva de www.mbmgestionyservicios.com \u00a0o sus licenciantes. Cualquier acto de transmisi\u00f3n, distribuci\u00f3n, cesi\u00f3n, reproducci\u00f3n, almacenamiento o comunicaci\u00f3n p\u00fablica total o parcial, debe contar con el consentimiento expreso de www.mbmgestionyservicios.com .<\/p>\n<p>Asimismo, para acceder a algunos de los servicios que www.mbmgestionyservicios.com \u00a0ofrece a trav\u00e9s del website deber\u00e1 proporcionar algunos datos de car\u00e1cter personal. En cumplimiento de lo establecido en el Reglamento(UE) 2016\/679 del Parlamento Europeo y del Consejo, de 27 de abril de 2016, relativo a la protecci\u00f3n de las personas f\u00edsicas en lo que respecta al tratamiento de datos personales y a la libre circulaci\u00f3n de estos datos le informamos que, mediante la cumplimentaci\u00f3n de los presentes formularios, sus datos personales quedar\u00e1n incorporados y ser\u00e1n tratados en los ficheros de MBM GESTI\u00d3N Y SERVICIOS con el fin de poderle prestar y ofrecer nuestros servicios as\u00ed como para informarle de las mejoras del sitio Web. Asimismo, le informamos de la posibilidad de que ejerza los derechos de acceso, rectificaci\u00f3n, cancelaci\u00f3n y oposici\u00f3n de sus datos de car\u00e1cter personal, manera gratuita mediante email a hola@ mbmgestionyservicios.com o en la direcci\u00f3n Camino los Dolores, 23 &#8211; 35432 Firgas Las Palmas de Gran Canaria<\/p>\n\n<p>\u00a0<\/p>\t\t\t\t\t\t\t\t<\/div>\n\t\t\t\t\t<\/div>\n\t\t<\/div>\n\t\t\t\t\t<\/div>\n\t\t<\/section>\n\t\t\t\t<\/div>","protected":false},"excerpt":{"rendered":"<p>\u00a0<\/p>","protected":false},"author":1,"featured_media":0,"parent":0,"menu_order":0,"comment_status":"closed","ping_status":"closed","template":"","meta":{"_acf_changed":false,"inline_featured_image":false,"footnotes":""},"class_list":["post-918","page","type-page","status-publish","hentry"],"acf":[],"yoast_head":"<!-- This site is optimized with the Yoast SEO plugin v27.4 - https:\/\/yoast.com\/product\/yoast-seo-wordpress\/ -->\n<title>Aviso legal &#8226; MBM - Gesti\u00f3n y Servicios<\/title>\n<meta name=\"description\" content=\"MBM - Gesti\u00f3n y Servicios Te ofrecemos una estancia en Gran Canaria con todas las comodidades. Gestionamos tu Vivienda Vacacional con todas las garant\u00edas.\" \/>\n<meta name=\"robots\" content=\"index, follow, max-snippet:-1, max-image-preview:large, max-video-preview:-1\" \/>\n<link rel=\"canonical\" href=\"https:\/\/mbmgestionyservicios.com\/en\/aviso-legal\/\" \/>\n<meta property=\"og:locale\" content=\"en_GB\" \/>\n<meta property=\"og:type\" content=\"article\" \/>\n<meta property=\"og:title\" content=\"Aviso legal &#8226; MBM - Gesti\u00f3n y Servicios\" \/>\n<meta property=\"og:description\" content=\"MBM - Gesti\u00f3n y Servicios Te ofrecemos una estancia en Gran Canaria con todas las comodidades. Gestionamos tu Vivienda Vacacional con todas las garant\u00edas.\" \/>\n<meta property=\"og:url\" content=\"https:\/\/mbmgestionyservicios.com\/en\/aviso-legal\/\" \/>\n<meta property=\"og:site_name\" content=\"MBM - Gesti\u00f3n y Servicios\" \/>\n<meta property=\"article:modified_time\" content=\"2021-07-09T07:08:27+00:00\" \/>\n<meta name=\"twitter:card\" content=\"summary_large_image\" \/>\n<script type=\"application\/ld+json\" class=\"yoast-schema-graph\">{\"@context\":\"https:\\\/\\\/schema.org\",\"@graph\":[{\"@type\":\"WebPage\",\"@id\":\"https:\\\/\\\/mbmgestionyservicios.com\\\/aviso-legal\\\/\",\"url\":\"https:\\\/\\\/mbmgestionyservicios.com\\\/aviso-legal\\\/\",\"name\":\"Aviso legal &#8226; MBM - Gesti\u00f3n y Servicios\",\"isPartOf\":{\"@id\":\"https:\\\/\\\/mbmgestionyservicios.com\\\/#website\"},\"datePublished\":\"2021-02-08T19:33:26+00:00\",\"dateModified\":\"2021-07-09T07:08:27+00:00\",\"description\":\"MBM - Gesti\u00f3n y Servicios Te ofrecemos una estancia en Gran Canaria con todas las comodidades. Gestionamos tu Vivienda Vacacional con todas las garant\u00edas.\",\"breadcrumb\":{\"@id\":\"https:\\\/\\\/mbmgestionyservicios.com\\\/aviso-legal\\\/#breadcrumb\"},\"inLanguage\":\"en-GB\",\"potentialAction\":[{\"@type\":\"ReadAction\",\"target\":[\"https:\\\/\\\/mbmgestionyservicios.com\\\/aviso-legal\\\/\"]}]},{\"@type\":\"BreadcrumbList\",\"@id\":\"https:\\\/\\\/mbmgestionyservicios.com\\\/aviso-legal\\\/#breadcrumb\",\"itemListElement\":[{\"@type\":\"ListItem\",\"position\":1,\"name\":\"Portada\",\"item\":\"https:\\\/\\\/mbmgestionyservicios.com\\\/\"},{\"@type\":\"ListItem\",\"position\":2,\"name\":\"Aviso legal\"}]},{\"@type\":\"WebSite\",\"@id\":\"https:\\\/\\\/mbmgestionyservicios.com\\\/#website\",\"url\":\"https:\\\/\\\/mbmgestionyservicios.com\\\/\",\"name\":\"MBM - Gesti\u00f3n y Servicios\",\"description\":\"Tu vivienda vacacional en Gran Canaria\",\"publisher\":{\"@id\":\"https:\\\/\\\/mbmgestionyservicios.com\\\/#organization\"},\"potentialAction\":[{\"@type\":\"SearchAction\",\"target\":{\"@type\":\"EntryPoint\",\"urlTemplate\":\"https:\\\/\\\/mbmgestionyservicios.com\\\/?s={search_term_string}\"},\"query-input\":{\"@type\":\"PropertyValueSpecification\",\"valueRequired\":true,\"valueName\":\"search_term_string\"}}],\"inLanguage\":\"en-GB\"},{\"@type\":\"Organization\",\"@id\":\"https:\\\/\\\/mbmgestionyservicios.com\\\/#organization\",\"name\":\"MBM - Gesti\u00f3n y Servicios\",\"url\":\"https:\\\/\\\/mbmgestionyservicios.com\\\/\",\"logo\":{\"@type\":\"ImageObject\",\"inLanguage\":\"en-GB\",\"@id\":\"https:\\\/\\\/mbmgestionyservicios.com\\\/#\\\/schema\\\/logo\\\/image\\\/\",\"url\":\"https:\\\/\\\/mbmgestionyservicios.com\\\/wp-content\\\/uploads\\\/2021\\\/01\\\/cropped-logo2.jpg\",\"contentUrl\":\"https:\\\/\\\/mbmgestionyservicios.com\\\/wp-content\\\/uploads\\\/2021\\\/01\\\/cropped-logo2.jpg\",\"width\":512,\"height\":512,\"caption\":\"MBM - Gesti\u00f3n y Servicios\"},\"image\":{\"@id\":\"https:\\\/\\\/mbmgestionyservicios.com\\\/#\\\/schema\\\/logo\\\/image\\\/\"}}]}<\/script>\n<!-- \/ Yoast SEO plugin. -->","yoast_head_json":{"title":"Aviso legal &#8226; MBM - Gesti\u00f3n y Servicios","description":"MBM - Gesti\u00f3n y Servicios Te ofrecemos una estancia en Gran Canaria con todas las comodidades. Gestionamos tu Vivienda Vacacional con todas las garant\u00edas.","robots":{"index":"index","follow":"follow","max-snippet":"max-snippet:-1","max-image-preview":"max-image-preview:large","max-video-preview":"max-video-preview:-1"},"canonical":"https:\/\/mbmgestionyservicios.com\/en\/aviso-legal\/","og_locale":"en_GB","og_type":"article","og_title":"Aviso legal &#8226; MBM - Gesti\u00f3n y Servicios","og_description":"MBM - Gesti\u00f3n y Servicios Te ofrecemos una estancia en Gran Canaria con todas las comodidades. Gestionamos tu Vivienda Vacacional con todas las garant\u00edas.","og_url":"https:\/\/mbmgestionyservicios.com\/en\/aviso-legal\/","og_site_name":"MBM - Gesti\u00f3n y Servicios","article_modified_time":"2021-07-09T07:08:27+00:00","twitter_card":"summary_large_image","schema":{"@context":"https:\/\/schema.org","@graph":[{"@type":"WebPage","@id":"https:\/\/mbmgestionyservicios.com\/aviso-legal\/","url":"https:\/\/mbmgestionyservicios.com\/aviso-legal\/","name":"Aviso legal &#8226; MBM - Gesti\u00f3n y Servicios","isPartOf":{"@id":"https:\/\/mbmgestionyservicios.com\/#website"},"datePublished":"2021-02-08T19:33:26+00:00","dateModified":"2021-07-09T07:08:27+00:00","description":"MBM - Gesti\u00f3n y Servicios Te ofrecemos una estancia en Gran Canaria con todas las comodidades. Gestionamos tu Vivienda Vacacional con todas las garant\u00edas.","breadcrumb":{"@id":"https:\/\/mbmgestionyservicios.com\/aviso-legal\/#breadcrumb"},"inLanguage":"en-GB","potentialAction":[{"@type":"ReadAction","target":["https:\/\/mbmgestionyservicios.com\/aviso-legal\/"]}]},{"@type":"BreadcrumbList","@id":"https:\/\/mbmgestionyservicios.com\/aviso-legal\/#breadcrumb","itemListElement":[{"@type":"ListItem","position":1,"name":"Portada","item":"https:\/\/mbmgestionyservicios.com\/"},{"@type":"ListItem","position":2,"name":"Aviso legal"}]},{"@type":"WebSite","@id":"https:\/\/mbmgestionyservicios.com\/#website","url":"https:\/\/mbmgestionyservicios.com\/","name":"MBM - Gesti\u00f3n y Servicios","description":"Tu vivienda vacacional en Gran Canaria","publisher":{"@id":"https:\/\/mbmgestionyservicios.com\/#organization"},"potentialAction":[{"@type":"SearchAction","target":{"@type":"EntryPoint","urlTemplate":"https:\/\/mbmgestionyservicios.com\/?s={search_term_string}"},"query-input":{"@type":"PropertyValueSpecification","valueRequired":true,"valueName":"search_term_string"}}],"inLanguage":"en-GB"},{"@type":"Organization","@id":"https:\/\/mbmgestionyservicios.com\/#organization","name":"MBM - Gesti\u00f3n y Servicios","url":"https:\/\/mbmgestionyservicios.com\/","logo":{"@type":"ImageObject","inLanguage":"en-GB","@id":"https:\/\/mbmgestionyservicios.com\/#\/schema\/logo\/image\/","url":"https:\/\/mbmgestionyservicios.com\/wp-content\/uploads\/2021\/01\/cropped-logo2.jpg","contentUrl":"https:\/\/mbmgestionyservicios.com\/wp-content\/uploads\/2021\/01\/cropped-logo2.jpg","width":512,"height":512,"caption":"MBM - Gesti\u00f3n y Servicios"},"image":{"@id":"https:\/\/mbmgestionyservicios.com\/#\/schema\/logo\/image\/"}}]}},"_links":{"self":[{"href":"https:\/\/mbmgestionyservicios.com\/en\/wp-json\/wp\/v2\/pages\/918","targetHints":{"allow":["GET"]}}],"collection":[{"href":"https:\/\/mbmgestionyservicios.com\/en\/wp-json\/wp\/v2\/pages"}],"about":[{"href":"https:\/\/mbmgestionyservicios.com\/en\/wp-json\/wp\/v2\/types\/page"}],"author":[{"embeddable":true,"href":"https:\/\/mbmgestionyservicios.com\/en\/wp-json\/wp\/v2\/users\/1"}],"replies":[{"embeddable":true,"href":"https:\/\/mbmgestionyservicios.com\/en\/wp-json\/wp\/v2\/comments?post=918"}],"version-history":[{"count":0,"href":"https:\/\/mbmgestionyservicios.com\/en\/wp-json\/wp\/v2\/pages\/918\/revisions"}],"wp:attachment":[{"href":"https:\/\/mbmgestionyservicios.com\/en\/wp-json\/wp\/v2\/media?parent=918"}],"curies":[{"name":"wp","href":"https:\/\/api.w.org\/{rel}","templated":true}]}}