{"id":919,"date":"2021-02-08T19:33:26","date_gmt":"2021-02-08T19:33:26","guid":{"rendered":"https:\/\/mbmgestionyservicios.com\/privacidad\/"},"modified":"2021-07-09T07:07:51","modified_gmt":"2021-07-09T07:07:51","slug":"privacidad","status":"publish","type":"page","link":"https:\/\/mbmgestionyservicios.com\/en\/privacidad\/","title":{"rendered":"Privacy Policy"},"content":{"rendered":"<div data-elementor-type=\"wp-page\" data-elementor-id=\"919\" class=\"elementor elementor-919\" data-elementor-post-type=\"page\">\n\t\t\t\t\t\t<section class=\"elementor-section elementor-top-section elementor-element elementor-element-4284ebba elementor-section-boxed elementor-section-height-default elementor-section-height-default\" data-id=\"4284ebba\" data-element_type=\"section\" data-e-type=\"section\">\n\t\t\t\t\t\t<div class=\"elementor-container elementor-column-gap-default\">\n\t\t\t\t\t<div class=\"elementor-column elementor-col-100 elementor-top-column elementor-element elementor-element-5c0f2b7\" data-id=\"5c0f2b7\" data-element_type=\"column\" data-e-type=\"column\">\n\t\t\t<div class=\"elementor-widget-wrap elementor-element-populated\">\n\t\t\t\t\t\t<div class=\"elementor-element elementor-element-7bae9e9 elementor-widget elementor-widget-heading\" data-id=\"7bae9e9\" data-element_type=\"widget\" data-e-type=\"widget\" data-widget_type=\"heading.default\">\n\t\t\t\t\t<h2 class=\"elementor-heading-title elementor-size-default\">Privacy Policy<\/h2>\t\t\t\t<\/div>\n\t\t\t\t<div class=\"elementor-element elementor-element-7b732426 elementor-widget elementor-widget-text-editor\" data-id=\"7b732426\" data-element_type=\"widget\" data-e-type=\"widget\" data-widget_type=\"text-editor.default\">\n\t\t\t\t\t\t\t\t\t<p><strong>Datos del responsable del fichero<\/strong><\/p>\n<ul>\n<li><strong>Identidad:<\/strong> M\u00f3nica Bola\u00f1os Mart\u00edn<\/li>\n<li><strong>CIF <\/strong>42842793A<\/li>\n<li><strong>Direcci\u00f3n<\/strong> Camino los Dolores, 23<\/li>\n<li><strong>C\u00f3digo Postal:<\/strong> 35432 &#8211; Firgas &#8211; Las Palmas de G.C.<\/li>\n<li><strong>Tel\u00e9fono\u200b:<\/strong> 609 556 596<\/li>\n<li><strong>Email: <\/strong>info@mbmgestionyservicios.com<\/li>\n<\/ul>\n<p><strong>\u00a0<\/strong><\/p>\n<p><strong>Finalidades del tratamiento<\/strong><\/p>\n<p>Le informamos que los datos que nos facilite por cualquier medio (p\u00e1gina web, correo electr\u00f3nico, formularios en papel, y\/o cualquier otro documento) ser\u00e1n incorporados a un fichero titularidad de M\u00f3nica Bola\u00f1os Mart\u00edn(en adelante<strong> MBM Gesti\u00f3n y Servicios<\/strong>).<\/p>\n<p>MBM Gesti\u00f3n y Servicios tratar\u00e1 la informaci\u00f3n que nos proporcionan las personas interesadas con las siguientes finalidades:<\/p>\n<ul>\n<li><strong>Gestionar cualquier tipo de solicitud, sugerencia o petici\u00f3n<\/strong> sobre nuestros servicios profesionales que nos formulen las personas interesadas.<\/li>\n<li><strong>Gestionar peticiones de reservas <\/strong>para almuerzo, cenas o eventos en nuestro local.<\/li>\n<li><strong>Comunicaciones comerciales\u200b:<\/strong> Tratamiento de sus datos con la finalidad de informarle sobre actividades, art\u00edculos de inter\u00e9s e informaci\u00f3n general sobre nuestros servicios v\u00eda correo electr\u00f3nico.<\/li>\n<li><strong>Gestionar datos aportados por los candidatos a un puesto de trabajo a trav\u00e9s el Curr\u00edculum Vitae (CV):<\/strong> o en el formulario facilitado en la secci\u00f3n \u201cTrabaja con nosotros\u201d, con la finalidad de proceso de selecci\u00f3n y reclutamiento. Usted autoriza expresamente a MBM Gesti\u00f3n y Servicios para que proceda al tratamiento de sus datos para la finalidad indicada. MBM Gesti\u00f3n y Servicios tratar\u00e1 sus datos e informaci\u00f3n aportada para los procesos de selecci\u00f3n con la m\u00e1s estricta confidencialidad, adoptando para ello las medidas t\u00e9cnicas y organizativas necesarias para evitar la p\u00e9rdida, mal uso, alteraci\u00f3n y\/o acceso no autorizado. Conservaci\u00f3n de los datos: Asimismo le informamos que MBM Gesti\u00f3n y Servicios podr\u00e1 conservar su Curr\u00edculum Vitae por el plazo m\u00e1ximo de un a\u00f1o, concluido dicho plazo de proceder\u00e1 autom\u00e1ticamente a su destrucci\u00f3n, en cumplimiento del principio de calidad del dato.<\/li>\n<li><strong>Remisi\u00f3n de comunicaciones promocionales v\u00eda electr\u00f3nica y de newsletters<\/strong>: Tratamiento de sus datos con la finalidad de informarle sobre nuestros servicios, ofertas, y promociones, que puedan resultar de su inter\u00e9s, v\u00eda electr\u00f3nica (e-mail, SMS, Whatsapp) y\/o telef\u00f3nica.<\/li>\n<\/ul>\n<p>Las personas interesadas podr\u00e1n darse de baja de estas comunicaciones en la siguiente direcci\u00f3n de correo electr\u00f3nico: info@mbmgestionyservicios.com<\/p>\n<p><strong>Legitimaci\u00f3n<\/strong><\/p>\n<p>La base legal para el tratamiento de los datos es el consentimiento de las personas interesadas para la tramitaci\u00f3n y gesti\u00f3n de cualquier solicitud de informaci\u00f3n sobre nuestros servicios profesionales, peticiones de reservas as\u00ed como para el env\u00edo de comunicaciones comerciales llevadas a cabo por MBM Gesti\u00f3n y Servicios.<\/p>\n<p><strong>\u00bfC\u00f3mo obtenemos sus datos?<\/strong><\/p>\n<p>MBM Gesti\u00f3n y Servicios obtiene sus datos por las siguientes fuentes:<\/p>\n<ol>\n<li>La informaci\u00f3n que Usted nos facilita cuando contrata nuestros servicios y solicita una reserva, tanto de forma directa como indirecta.<\/li>\n<li>Fuentes de informaci\u00f3n externas, como diarios y boletines oficiales, registros p\u00fablicos, resoluciones de las Administraciones P\u00fablicas, gu\u00edas telef\u00f3nicas, listas de personas pertenecientes a colegios profesionales, listas oficiales para la prevenci\u00f3n del fraude, redes sociales e Internet, as\u00ed como terceras empresas a las que Ud. haya prestado su consentimiento para la cesi\u00f3n de sus datos a entidades de cr\u00e9dito, financieras y de seguros.<\/li>\n<\/ol>\n<p>\u00a0<\/p>\n<p>En particular, los datos que trataremos incluyen las siguientes categor\u00edas: datos de car\u00e1cter identificativo, datos profesionales e informaci\u00f3n comercial.<\/p>\n<p><strong>\u00bfDurante cu\u00e1nto tiempo conservaremos sus datos?<\/strong><\/p>\n<p>Trataremos sus datos personales mientras sean necesarios para la finalidad para la cual fueron recabados. Si cancela todos los contratos, usted podr\u00e1:<\/p>\n<ol>\n<li>Mantener el consentimiento para desarrollar acciones comerciales: trataremos sus datos para las acciones comerciales que haya consentido. Consideraremos que ha elegido esta opci\u00f3n si no revoca el consentimiento expresamente.<\/li>\n<li>Revocar el consentimiento para desarrollar acciones comerciales: cancelaremos sus datos mediante el bloqueo de los mismos.<\/li>\n<\/ol>\n<p>Con este bloqueo, MBM Gesti\u00f3n y Servicios no tendr\u00e1 acceso a sus datos y solo los tratar\u00e1 para su puesta a disposici\u00f3n a las Administraciones P\u00fablicas competentes, Jueces y Tribunales o el Ministerio Fiscal, para la atenci\u00f3n de las posibles responsabilidades relacionadas con el tratamiento de los datos, en particular para el ejercicio y defensa de reclamaciones ante la Agencia Espa\u00f1ola de Protecci\u00f3n de Datos. Conservaremos sus datos bloqueados durante los plazos previstos en las disposiciones aplicables o, en su caso, en las relaciones contractuales mantenidas con MBM Gesti\u00f3n y Servicios, procediendo a la supresi\u00f3n f\u00edsica de sus datos una vez transcurridos dichos plazos.<\/p>\n<p><strong>Destinatarios<\/strong><\/p>\n<p>No se ceden datos de car\u00e1cter personal a terceros, salvo disposici\u00f3n legal. Tampoco se realizan transferencias internacionales datos a terceros pa\u00edses.<\/p>\n<p>Como encargados de tratamiento, tenemos contratados a los siguientes proveedores de servicios, habi\u00e9ndose comprometido al cumplimiento de las disposiciones normativas, de aplicaci\u00f3n en materia de protecci\u00f3n de datos, en el momento de su contrataci\u00f3n:<\/p>\n<p>MBM Gesti\u00f3n y Servicios sigue unos criterios estrictos de selecci\u00f3n de proveedores de servicios con el fin de dar cumplimiento a sus obligaciones en materia de protecci\u00f3n de datos y se compromete a suscribir con ellos el correspondiente contrato de tratamiento de datos mediante el que les impondr\u00e1, entre otras, las siguientes obligaciones: aplicar medidas t\u00e9cnicas y organizativas apropiadas; tratar los datos personales para las finalidades pactadas y atendiendo \u00fanicamente a las instrucciones documentadas de MBM Gesti\u00f3n y Servicios; y suprimir o devolver los datos a MBM Gesti\u00f3n y Servicios una vez finalice la prestaci\u00f3n de los servicios.<\/p>\n<p><strong>Procedencia<\/strong><\/p>\n<p>Los datos de car\u00e1cter personal se obtienen directamente de las personas interesadas y de nuestros colaboradores. Las categor\u00edas de datos de car\u00e1cter personal que nos proporciona nuestros colaboradores son las siguientes:<\/p>\n<ul>\n<li>Datos de identificaci\u00f3n.<\/li>\n<\/ul>\n<p>No se tratan datos especialmente protegidos.<\/p>\n<p><strong>Derechos<\/strong><\/p>\n<p><strong>Derecho de Acceso, Rectificaci\u00f3n y Supresi\u00f3n:<\/strong> Las personas interesadas tienen derecho a obtener confirmaci\u00f3n sobre si en MBM Gesti\u00f3n y Servicios estamos tratando datos personales que les conciernan, o no. Las personas interesadas tienen derecho a si acceder a sus datos personales, as\u00ed como a solicitar la rectificaci\u00f3n de los datos inexactos o, en su caso, solicitar su supresi\u00f3n cuando, entre otros motivos, los datos ya no sean necesarios para los fines que fueron recogidos.<\/p>\n<p><strong>Derecho a la Limitaci\u00f3n y Oposici\u00f3n:<\/strong> En determinadas circunstancias, los interesados podr\u00e1n solicitar la limitaci\u00f3n del tratamiento de sus datos, en cuyo caso \u00fanicamente los conservaremos para el ejercicio o la defensa de reclamaciones. En determinadas circunstancias y por motivos relacionados con su situaci\u00f3n particular, los interesados podr\u00e1n oponerse al tratamiento de sus datos. MBM Gesti\u00f3n y Servicios dejar\u00e1 de tratar los datos, salvo por motivos leg\u00edtimos imperiosos, o el ejercicio o la defensa de posibles reclamaciones. Dichos derechos podr\u00e1n ser ejercitados a trav\u00e9s de cualquier medio de comunicaci\u00f3n frente a MBM Gesti\u00f3n y Servicios en la direcci\u00f3n arriba indicada, adjuntando fotocopia de DNI del titular de los datos o en el e-mail info@mbmgestionyservicios.com<\/p>\n<p><strong>Actualizaciones y modificaciones<\/strong><\/p>\n<p>MBM Gesti\u00f3n y Servicios se reserva el derecho de modificar y\/o actualizar la informaci\u00f3n sobre protecci\u00f3n de datos cuando sea necesario para el correcto cumplimiento del Reglamento de Protecci\u00f3n de Datos. Si se produjera alguna modificaci\u00f3n, el nuevo texto ser\u00e1 publicado en esta p\u00e1gina, donde podr\u00e1 tener acceso a la pol\u00edtica actual. En cada caso, la relaci\u00f3n con los usuarios se regir\u00e1 por las normas previstas en el momento preciso en que se accede al web.<\/p>\n<p><strong>Canal de comunicaci\u00f3n y soporte<\/strong><\/p>\n<p>Las personas interesadas podr\u00e1n comunicar cualquier duda sobre el tratamiento de sus datos de car\u00e1cter personal o interpretaci\u00f3n de nuestra pol\u00edtica en la siguiente direcci\u00f3n: info@mbmgestionyservicios.com<\/p>\n<p><strong>Responsabilidades con respecto a los contenidos<\/strong><\/p>\n<p>El contenido de este sitio web es de car\u00e1cter general, as\u00ed como tiene una finalidad y efectos exclusivamente informativos de nuestros servicios y de nuestra actividad empresarial.<\/p>\n<p>MBM Gesti\u00f3n y Servicios se exime de cualquier responsabilidad respecto a cualquier decisi\u00f3n adoptada por el usuario del sitio web como consecuencia de la informaci\u00f3n contenida en ella.<\/p>\n<p>MBM Gesti\u00f3n y Servicios rechaza la responsabilidad sobre cualquier informaci\u00f3n no elaborada por MBM Gesti\u00f3n y Servicios o no publicada de forma autorizada por ella bajo su nombre, al igual que la responsabilidad que se derive de la mala utilizaci\u00f3n de los contenidos, as\u00ed como se reserva el derecho a actualizarlos, a eliminarlos, limitarlos o impedir el acceso a ellos, de manera temporal o definitiva.<\/p>\n<p><strong>Responsabilidad respecto a los enlaces a otras p\u00e1ginas webs (links)<\/strong><\/p>\n<p>Los enlaces introducidos en www. <a href=\"mailto:info@mbmgestionyservicios.com\">info@mbmgestionyservicios.com<\/a> Gesti\u00f3n y son de car\u00e1cter meramente informativo y, por tanto, MBM Gesti\u00f3n y Servicios no controla ni verifica ninguna informaci\u00f3n, contenido, productos o servicios facilitados a trav\u00e9s de estos sitios web. En consecuencia, MBM Gesti\u00f3n y Servicios declina cualquier tipo de responsabilidad por cualquier aspecto, en especial el contenido, relativo a esa p\u00e1gina.<\/p>\n<p><strong>Responsabilidad en el supuesto en que esta p\u00e1gina sea el destino del enlace introducido en otra p\u00e1gina.<\/strong><\/p>\n<p>Por lo que se refiere a los enlaces establecidos por otras p\u00e1ginas a este sitio, as\u00ed como si cualquier usuario, entidad o p\u00e1gina web deseara establecer alg\u00fan tipo de enlace con destino al sitio web de MBM Gesti\u00f3n y Servicios deber\u00e1 atenerse a las siguientes estipulaciones:<\/p>\n<p>Deber\u00e1 solicitar autorizaci\u00f3n previamente a la realizaci\u00f3n del enlace y deber\u00e1 constar de forma expresa su otorgamiento. S\u00f3lo se podr\u00e1 dirigir a la p\u00e1gina de inicio.<\/p>\n<p>El enlace debe ser absoluto y completo, es decir, debe llevar al usuario a la propia direcci\u00f3n de MBM Gesti\u00f3n y Servicios debe abarcar completamente toda la extensi\u00f3n de la pantalla de la p\u00e1gina inicial. En ning\u00fan caso, salvo autorizaci\u00f3n expresa y por escrito de MBM Gesti\u00f3n y Servicios , la p\u00e1gina que realice el enlace podr\u00e1 reproducir de cualquier manera el sitio web de MBM Gesti\u00f3n y Servicios , incluirlo como parte de su web o dentro de uno de sus frames o crear un browser sobre cualquiera de las p\u00e1ginas del web.<\/p>\n<p>No se dar\u00e1 ning\u00fan tipo de indicaci\u00f3n err\u00f3nea o incorrecta acerca de la p\u00e1gina de MBM Gesti\u00f3n y Servicios.<\/p>\n<p>Si quisiera hacer constar alg\u00fan signo distintivo de MBM Gesti\u00f3n y Servicios como marcas, logos, denominaci\u00f3n deber\u00e1 contar con la autorizaci\u00f3n por escrito.<\/p>\n<p>El Titular de la p\u00e1gina que ofrece el enlace deber\u00e1 actuar de buena fe y no pretender\u00e1 afectar negativamente a la reputaci\u00f3n o buen nombre de MBM Gesti\u00f3n y Servicios.<\/p>\n<p>Se proh\u00edbe, salvo autorizaci\u00f3n expresa de MBM Gesti\u00f3n y Servicios , dar de alta los elementos de texto de la marca o del logo, el nombre de dominio o la denominaci\u00f3n social de MBM Gesti\u00f3n y Servicios como palabra clave (metatags o metanames) para la b\u00fasqueda de sitios webs realizada a trav\u00e9s de buscadores.<\/p>\n<p>MBM Gesti\u00f3n y Servicios no asume ning\u00fan tipo de responsabilidad por cualquier aspecto relativo a la p\u00e1gina web que ofrece el enlace. El establecimiento del enlace no implica la existencia de alg\u00fan tipo de relaci\u00f3n, colaboraci\u00f3n o dependencia de MBM Gesti\u00f3n y Servicios con el titular de esa p\u00e1gina web.<\/p>\n<p><strong>Responsabilidad aspectos t\u00e9cnicos<\/strong><\/p>\n<p>MBM Gesti\u00f3n y Servicios no garantiza la continuidad del funcionamiento del sitio web al igual que el mismo se encuentre en todo momento operativo y disponible.<\/p>\n<p>MBM Gesti\u00f3n y Servicios no se hace responsable de los da\u00f1os y perjuicios directos o indirectos, incluidos da\u00f1os a sistemas inform\u00e1ticos e introducci\u00f3n de virus existentes en la red, derivados de la navegaci\u00f3n por Internet necesaria para el uso de este sitio web.<\/p>\n<p><strong>Obligaci\u00f3n de los usuarios<\/strong><\/p>\n<p>El usuario responder\u00e1 de los da\u00f1os y perjuicios que MBM Gesti\u00f3n y Servicios pueda sufrir como consecuencia del incumplimiento de cualquiera de las obligaciones determinadas en esta nota legal.<\/p>\n<p>Respecto a la navegaci\u00f3n, el usuario se compromete a observar diligente y fielmente las recomendaciones que en su momento establezca MBM Gesti\u00f3n y Servicios relativa al uso del sitio. A estos efectos MBM Gesti\u00f3n y Servicios se dirigir\u00e1 a los usuarios mediante cualquier medio de comunicaci\u00f3n a trav\u00e9s del sitio web.<\/p>\n<p><strong>Duraci\u00f3n y Modificaci\u00f3n<\/strong><\/p>\n<p>MBM Gesti\u00f3n y Servicios tendr\u00e1 derecho a modificar los t\u00e9rminos y condiciones aqu\u00ed estipuladas de forma unilateral, total o parcialmente. Cualquier cambio aparecer\u00e1 en la misma forma en que se encuentran en esta nota legal.<\/p>\n<p>La vigencia temporal de esta nota legal coincide, por lo tanto, con el tiempo de su exposici\u00f3n, hasta el momento en que sean modificadas de forma total o parcial por MBM Gesti\u00f3n y Servicios .<\/p>\n<p>MBM Gesti\u00f3n y Servicios podr\u00e1 dar por terminadas, suspender o interrumpir unilateralmente, la operatividad de este sitio web, sin posibilidad de solicitar indemnizaci\u00f3n alguna por parte del usuario. Tras dicha extinci\u00f3n, el usuario deber\u00e1 destruir cualquier informaci\u00f3n sobre la sociedad MBM Gesti\u00f3n y Servicios que posea en cualquier formato y que haya obtenido a trav\u00e9s del sitio o a trav\u00e9s de las comunicaciones realizadas de forma individual al usuario por la misma.<\/p>\n<p><strong>Legislaci\u00f3n y Jurisdicci\u00f3n<\/strong><\/p>\n<p>Estas condiciones de uso se rigen por la legislaci\u00f3n espa\u00f1ola.<\/p>\n<p>Los usuarios y la empresa MBM Gesti\u00f3n y Servicios someten todas las interpretaciones o conflictos que pudieran surgir derivados de esta nota legal a los Juzgados y Tribunales de Las Palmas de Gran Canaria.<\/p>\n<p>\u00a0<\/p>\n<p>\u00a0<\/p>\t\t\t\t\t\t\t\t<\/div>\n\t\t\t\t\t<\/div>\n\t\t<\/div>\n\t\t\t\t\t<\/div>\n\t\t<\/section>\n\t\t\t\t<\/div>","protected":false},"excerpt":{"rendered":"<p>Datos del responsable del fichero Identidad: M\u00f3nica Bola\u00f1os Mart\u00edn CIF 42842793A Direcci\u00f3n Camino los Dolores, 23 C\u00f3digo Postal: 35432 &#8211; Firgas &#8211; Las Palmas de G.C. Tel\u00e9fono\u200b: 609 556 596 Email: info@mbmgestionyservicios.com \u00a0 Finalidades del tratamiento Le informamos que los datos que nos facilite por cualquier medio (p\u00e1gina web, correo electr\u00f3nico, formularios en papel, y\/o [&hellip;]<\/p>\n","protected":false},"author":1,"featured_media":0,"parent":0,"menu_order":0,"comment_status":"closed","ping_status":"closed","template":"","meta":{"_acf_changed":false,"inline_featured_image":false,"footnotes":""},"class_list":["post-919","page","type-page","status-publish","hentry"],"acf":[],"yoast_head":"<!-- This site is optimized with the Yoast SEO plugin v27.4 - https:\/\/yoast.com\/product\/yoast-seo-wordpress\/ -->\n<title>Pol\u00edtica de privacidad &#8226; MBM - Gesti\u00f3n y Servicios<\/title>\n<meta name=\"description\" content=\"MBM - Gesti\u00f3n y Servicios Te ofrecemos una estancia en Gran Canaria con todas las comodidades. Gestionamos tu Vivienda Vacacional con todas las garant\u00edas.\" \/>\n<meta name=\"robots\" content=\"index, follow, max-snippet:-1, max-image-preview:large, max-video-preview:-1\" \/>\n<link rel=\"canonical\" href=\"https:\/\/mbmgestionyservicios.com\/en\/privacidad\/\" \/>\n<meta property=\"og:locale\" content=\"en_GB\" \/>\n<meta property=\"og:type\" content=\"article\" \/>\n<meta property=\"og:title\" content=\"Pol\u00edtica de privacidad &#8226; MBM - Gesti\u00f3n y Servicios\" \/>\n<meta property=\"og:description\" content=\"MBM - Gesti\u00f3n y Servicios Te ofrecemos una estancia en Gran Canaria con todas las comodidades. Gestionamos tu Vivienda Vacacional con todas las garant\u00edas.\" \/>\n<meta property=\"og:url\" content=\"https:\/\/mbmgestionyservicios.com\/en\/privacidad\/\" \/>\n<meta property=\"og:site_name\" content=\"MBM - Gesti\u00f3n y Servicios\" \/>\n<meta property=\"article:modified_time\" content=\"2021-07-09T07:07:51+00:00\" \/>\n<meta name=\"twitter:card\" content=\"summary_large_image\" \/>\n<script type=\"application\/ld+json\" class=\"yoast-schema-graph\">{\"@context\":\"https:\\\/\\\/schema.org\",\"@graph\":[{\"@type\":\"WebPage\",\"@id\":\"https:\\\/\\\/mbmgestionyservicios.com\\\/en\\\/privacidad\\\/\",\"url\":\"https:\\\/\\\/mbmgestionyservicios.com\\\/en\\\/privacidad\\\/\",\"name\":\"Pol\u00edtica de privacidad &#8226; MBM - Gesti\u00f3n y Servicios\",\"isPartOf\":{\"@id\":\"https:\\\/\\\/mbmgestionyservicios.com\\\/#website\"},\"datePublished\":\"2021-02-08T19:33:26+00:00\",\"dateModified\":\"2021-07-09T07:07:51+00:00\",\"description\":\"MBM - Gesti\u00f3n y Servicios Te ofrecemos una estancia en Gran Canaria con todas las comodidades. Gestionamos tu Vivienda Vacacional con todas las garant\u00edas.\",\"breadcrumb\":{\"@id\":\"https:\\\/\\\/mbmgestionyservicios.com\\\/en\\\/privacidad\\\/#breadcrumb\"},\"inLanguage\":\"en-GB\",\"potentialAction\":[{\"@type\":\"ReadAction\",\"target\":[\"https:\\\/\\\/mbmgestionyservicios.com\\\/en\\\/privacidad\\\/\"]}]},{\"@type\":\"BreadcrumbList\",\"@id\":\"https:\\\/\\\/mbmgestionyservicios.com\\\/en\\\/privacidad\\\/#breadcrumb\",\"itemListElement\":[{\"@type\":\"ListItem\",\"position\":1,\"name\":\"Portada\",\"item\":\"https:\\\/\\\/mbmgestionyservicios.com\\\/\"},{\"@type\":\"ListItem\",\"position\":2,\"name\":\"Pol\u00edtica de privacidad\"}]},{\"@type\":\"WebSite\",\"@id\":\"https:\\\/\\\/mbmgestionyservicios.com\\\/#website\",\"url\":\"https:\\\/\\\/mbmgestionyservicios.com\\\/\",\"name\":\"MBM - Gesti\u00f3n y Servicios\",\"description\":\"Tu vivienda vacacional en Gran Canaria\",\"publisher\":{\"@id\":\"https:\\\/\\\/mbmgestionyservicios.com\\\/#organization\"},\"potentialAction\":[{\"@type\":\"SearchAction\",\"target\":{\"@type\":\"EntryPoint\",\"urlTemplate\":\"https:\\\/\\\/mbmgestionyservicios.com\\\/?s={search_term_string}\"},\"query-input\":{\"@type\":\"PropertyValueSpecification\",\"valueRequired\":true,\"valueName\":\"search_term_string\"}}],\"inLanguage\":\"en-GB\"},{\"@type\":\"Organization\",\"@id\":\"https:\\\/\\\/mbmgestionyservicios.com\\\/#organization\",\"name\":\"MBM - Gesti\u00f3n y Servicios\",\"url\":\"https:\\\/\\\/mbmgestionyservicios.com\\\/\",\"logo\":{\"@type\":\"ImageObject\",\"inLanguage\":\"en-GB\",\"@id\":\"https:\\\/\\\/mbmgestionyservicios.com\\\/#\\\/schema\\\/logo\\\/image\\\/\",\"url\":\"https:\\\/\\\/mbmgestionyservicios.com\\\/wp-content\\\/uploads\\\/2021\\\/01\\\/cropped-logo2.jpg\",\"contentUrl\":\"https:\\\/\\\/mbmgestionyservicios.com\\\/wp-content\\\/uploads\\\/2021\\\/01\\\/cropped-logo2.jpg\",\"width\":512,\"height\":512,\"caption\":\"MBM - Gesti\u00f3n y Servicios\"},\"image\":{\"@id\":\"https:\\\/\\\/mbmgestionyservicios.com\\\/#\\\/schema\\\/logo\\\/image\\\/\"}}]}<\/script>\n<!-- \/ Yoast SEO plugin. -->","yoast_head_json":{"title":"Pol\u00edtica de privacidad &#8226; MBM - Gesti\u00f3n y Servicios","description":"MBM - Gesti\u00f3n y Servicios Te ofrecemos una estancia en Gran Canaria con todas las comodidades. Gestionamos tu Vivienda Vacacional con todas las garant\u00edas.","robots":{"index":"index","follow":"follow","max-snippet":"max-snippet:-1","max-image-preview":"max-image-preview:large","max-video-preview":"max-video-preview:-1"},"canonical":"https:\/\/mbmgestionyservicios.com\/en\/privacidad\/","og_locale":"en_GB","og_type":"article","og_title":"Pol\u00edtica de privacidad &#8226; MBM - Gesti\u00f3n y Servicios","og_description":"MBM - Gesti\u00f3n y Servicios Te ofrecemos una estancia en Gran Canaria con todas las comodidades. Gestionamos tu Vivienda Vacacional con todas las garant\u00edas.","og_url":"https:\/\/mbmgestionyservicios.com\/en\/privacidad\/","og_site_name":"MBM - Gesti\u00f3n y Servicios","article_modified_time":"2021-07-09T07:07:51+00:00","twitter_card":"summary_large_image","schema":{"@context":"https:\/\/schema.org","@graph":[{"@type":"WebPage","@id":"https:\/\/mbmgestionyservicios.com\/en\/privacidad\/","url":"https:\/\/mbmgestionyservicios.com\/en\/privacidad\/","name":"Pol\u00edtica de privacidad &#8226; MBM - Gesti\u00f3n y Servicios","isPartOf":{"@id":"https:\/\/mbmgestionyservicios.com\/#website"},"datePublished":"2021-02-08T19:33:26+00:00","dateModified":"2021-07-09T07:07:51+00:00","description":"MBM - Gesti\u00f3n y Servicios Te ofrecemos una estancia en Gran Canaria con todas las comodidades. Gestionamos tu Vivienda Vacacional con todas las garant\u00edas.","breadcrumb":{"@id":"https:\/\/mbmgestionyservicios.com\/en\/privacidad\/#breadcrumb"},"inLanguage":"en-GB","potentialAction":[{"@type":"ReadAction","target":["https:\/\/mbmgestionyservicios.com\/en\/privacidad\/"]}]},{"@type":"BreadcrumbList","@id":"https:\/\/mbmgestionyservicios.com\/en\/privacidad\/#breadcrumb","itemListElement":[{"@type":"ListItem","position":1,"name":"Portada","item":"https:\/\/mbmgestionyservicios.com\/"},{"@type":"ListItem","position":2,"name":"Pol\u00edtica de privacidad"}]},{"@type":"WebSite","@id":"https:\/\/mbmgestionyservicios.com\/#website","url":"https:\/\/mbmgestionyservicios.com\/","name":"MBM - Gesti\u00f3n y Servicios","description":"Tu vivienda vacacional en Gran Canaria","publisher":{"@id":"https:\/\/mbmgestionyservicios.com\/#organization"},"potentialAction":[{"@type":"SearchAction","target":{"@type":"EntryPoint","urlTemplate":"https:\/\/mbmgestionyservicios.com\/?s={search_term_string}"},"query-input":{"@type":"PropertyValueSpecification","valueRequired":true,"valueName":"search_term_string"}}],"inLanguage":"en-GB"},{"@type":"Organization","@id":"https:\/\/mbmgestionyservicios.com\/#organization","name":"MBM - Gesti\u00f3n y Servicios","url":"https:\/\/mbmgestionyservicios.com\/","logo":{"@type":"ImageObject","inLanguage":"en-GB","@id":"https:\/\/mbmgestionyservicios.com\/#\/schema\/logo\/image\/","url":"https:\/\/mbmgestionyservicios.com\/wp-content\/uploads\/2021\/01\/cropped-logo2.jpg","contentUrl":"https:\/\/mbmgestionyservicios.com\/wp-content\/uploads\/2021\/01\/cropped-logo2.jpg","width":512,"height":512,"caption":"MBM - Gesti\u00f3n y Servicios"},"image":{"@id":"https:\/\/mbmgestionyservicios.com\/#\/schema\/logo\/image\/"}}]}},"_links":{"self":[{"href":"https:\/\/mbmgestionyservicios.com\/en\/wp-json\/wp\/v2\/pages\/919","targetHints":{"allow":["GET"]}}],"collection":[{"href":"https:\/\/mbmgestionyservicios.com\/en\/wp-json\/wp\/v2\/pages"}],"about":[{"href":"https:\/\/mbmgestionyservicios.com\/en\/wp-json\/wp\/v2\/types\/page"}],"author":[{"embeddable":true,"href":"https:\/\/mbmgestionyservicios.com\/en\/wp-json\/wp\/v2\/users\/1"}],"replies":[{"embeddable":true,"href":"https:\/\/mbmgestionyservicios.com\/en\/wp-json\/wp\/v2\/comments?post=919"}],"version-history":[{"count":0,"href":"https:\/\/mbmgestionyservicios.com\/en\/wp-json\/wp\/v2\/pages\/919\/revisions"}],"wp:attachment":[{"href":"https:\/\/mbmgestionyservicios.com\/en\/wp-json\/wp\/v2\/media?parent=919"}],"curies":[{"name":"wp","href":"https:\/\/api.w.org\/{rel}","templated":true}]}}